{"id":880,"date":"2020-09-14T14:31:51","date_gmt":"2020-09-14T14:31:51","guid":{"rendered":"https:\/\/www.illimor.com\/?page_id=880"},"modified":"2023-02-18T16:56:19","modified_gmt":"2023-02-18T16:56:19","slug":"shipping-returns","status":"publish","type":"page","link":"https:\/\/www.illimor.com\/et\/shipping-returns\/","title":{"rendered":"Shipping &#038; Returns"},"content":{"rendered":"<div data-elementor-type=\"wp-page\" data-elementor-id=\"880\" class=\"elementor elementor-880\">\n\t\t\t\t\t\t<section class=\"elementor-section elementor-top-section elementor-element elementor-element-56bcd0d elementor-section-height-min-height elementor-section-boxed elementor-section-height-default elementor-section-items-middle\" data-id=\"56bcd0d\" data-element_type=\"section\" data-e-type=\"section\" data-settings=\"{&quot;background_background&quot;:&quot;classic&quot;}\">\n\t\t\t\t\t\t\t<div class=\"elementor-background-overlay\"><\/div>\n\t\t\t\t\t\t\t<div class=\"elementor-container elementor-column-gap-default\">\n\t\t\t\t\t<div class=\"elementor-column elementor-col-100 elementor-top-column elementor-element elementor-element-00978a6\" data-id=\"00978a6\" data-element_type=\"column\" data-e-type=\"column\">\n\t\t\t<div class=\"elementor-widget-wrap elementor-element-populated\">\n\t\t\t\t\t\t<div class=\"elementor-element elementor-element-39c07f4 elementor-widget elementor-widget-heading\" data-id=\"39c07f4\" data-element_type=\"widget\" data-e-type=\"widget\" data-widget_type=\"heading.default\">\n\t\t\t\t<div class=\"elementor-widget-container\">\n\t\t\t\t\t<h2 class=\"elementor-heading-title elementor-size-large\">Shipping &amp; Returns<\/h2>\t\t\t\t<\/div>\n\t\t\t\t<\/div>\n\t\t\t\t\t<\/div>\n\t\t<\/div>\n\t\t\t\t\t<\/div>\n\t\t<\/section>\n\t\t\t\t<section class=\"elementor-section elementor-top-section elementor-element elementor-element-08f6fd0 elementor-section-boxed elementor-section-height-default elementor-section-height-default\" data-id=\"08f6fd0\" data-element_type=\"section\" data-e-type=\"section\">\n\t\t\t\t\t\t<div class=\"elementor-container elementor-column-gap-default\">\n\t\t\t\t\t<div class=\"elementor-column elementor-col-100 elementor-top-column elementor-element elementor-element-d078e7b\" data-id=\"d078e7b\" data-element_type=\"column\" data-e-type=\"column\">\n\t\t\t<div class=\"elementor-widget-wrap elementor-element-populated\">\n\t\t\t\t\t\t<div class=\"elementor-element elementor-element-48bc53d elementor-widget elementor-widget-spacer\" data-id=\"48bc53d\" data-element_type=\"widget\" data-e-type=\"widget\" data-widget_type=\"spacer.default\">\n\t\t\t\t<div class=\"elementor-widget-container\">\n\t\t\t\t\t\t\t<div class=\"elementor-spacer\">\n\t\t\t<div class=\"elementor-spacer-inner\"><\/div>\n\t\t<\/div>\n\t\t\t\t\t\t<\/div>\n\t\t\t\t<\/div>\n\t\t\t\t\t<\/div>\n\t\t<\/div>\n\t\t\t\t\t<\/div>\n\t\t<\/section>\n\t\t\t\t<section class=\"elementor-section elementor-top-section elementor-element elementor-element-2f16940f elementor-section-boxed elementor-section-height-default elementor-section-height-default\" data-id=\"2f16940f\" data-element_type=\"section\" data-e-type=\"section\">\n\t\t\t\t\t\t<div class=\"elementor-container elementor-column-gap-default\">\n\t\t\t\t\t<div class=\"elementor-column elementor-col-100 elementor-top-column elementor-element elementor-element-5c18fe2f\" data-id=\"5c18fe2f\" data-element_type=\"column\" data-e-type=\"column\">\n\t\t\t<div class=\"elementor-widget-wrap elementor-element-populated\">\n\t\t\t\t\t\t<div class=\"elementor-element elementor-element-347d7ebd elementor-widget elementor-widget-text-editor\" data-id=\"347d7ebd\" data-element_type=\"widget\" data-e-type=\"widget\" data-widget_type=\"text-editor.default\">\n\t\t\t\t<div class=\"elementor-widget-container\">\n\t\t\t\t\t\t\t\t\t<p><strong>KAUBA SAATMINE<\/strong><\/p>\n<p>Ostukorv \u00fcle 100\u20ac -&gt; <strong>tasuta pakiautomaadi tarne<\/strong> Eestis, L\u00e4tis, Leedus.<\/p>\n<p><span style=\"font-size: 14px; font-style: normal;\">Ostukorv \u00fcle 150\u20ac -&gt;&nbsp;<\/span><strong style=\"font-size: 14px; font-style: normal;\">tasuta pakiautomaadi tarne<\/strong><span style=\"font-size: 14px; font-style: normal;\">&nbsp;Soome.<\/span><\/p>\n<p>Ostukorv all 100\u20ac - tarne l\u00e4bi pakiautomaadi maksab 3.00\u20ac (Eesti, L\u00e4ti, Leedu)<\/p>\n<p>Tarne \u00fclej\u00e4\u00e4nud Euroopasse 8.00\u20ac&nbsp;<\/p>\n<p>Tarne \u00fcle kogu maailma 15.00\u20ac<\/p>\n<p><b>TARNEAJAD<\/b><\/p>\n<p class=\"translation-block\">Eesti, L\u00e4ti Leedu - 1 kuni 3 t\u00f6\u00f6p\u00e4eva\n<br>\u00dclej\u00e4\u00e4nud Euroopasse - 3 kuni 8 t\u00f6\u00f6p\u00e4eva\n<br>\u00dcle kogu maailma - kuni 10 t\u00f6\u00f6p\u00e4eva<\/p>\n<p>Tooted saadetakse Omniva v\u00f5i Smartpost Itella pakiautomaadiga v\u00f5i kulleriga.<\/p>\n<p>Tooted valmivad tavaliselt 5 kuni 10 t\u00f6\u00f6p\u00e4eva jooksul. Ettev\u00f5tte ei tooda lattu suuri koguseid vaid valmistab tooted vastavalt tellimusele.<br>Ostu sooritades, palun veendu, et tarneinfo on \u00f5igest sisestatud. Nii ei teki kauba saatmisel logistilisi viivitusi.<\/p>\n<p><strong>RETURNS<\/strong><\/p>\n<p>Products delivered via Parcel Machine in Estonia, Latvia and Lithuania can be returned via same parcel machine. Please contact hello@illimor.com for specific return instructions.<\/p>\n<p>Please provide your order number and reason for your return \/ exchange. Full-price&nbsp;items with original tags that have not been worn, washed, or altered can be returned&nbsp;within 14 days of receipt for a full refund including initial shipping cost. After receiving the return instructions the&nbsp;package must be dispatched within 5 working days. After 14 days all sales are final.<\/p>\n<p>To return or exchange an item for the rest of the countries, please email us at <strong>hello@illimor.com<\/strong><\/p>\n<p>The Service User may choose their preferred method of return shipping. We recommend insurance\/tracking as Service Provider is not responsible for lost packages. We will contact you after we have inspected the returned items and we will inform you about the status of your reimbursement. Products are to be returned in original condition in original, undamaged packaging with price stickers, hang tags etc still attached. Goods should be packaged so they do not deform in transit. No tape is to be attached to the product or the product\u2019s original packaging. It must also be in the original packaging.<\/p>\n<p>We reserve the right to refuse any returns that do not comply to the above criteria.<\/p>\t\t\t\t\t\t\t\t<\/div>\n\t\t\t\t<\/div>\n\t\t\t\t\t<\/div>\n\t\t<\/div>\n\t\t\t\t\t<\/div>\n\t\t<\/section>\n\t\t\t\t<\/div>","protected":false},"excerpt":{"rendered":"<p>Shipping &#038; Returns SHIPPING Over 100\u20ac -&gt; free shipping via Parcel Machine to Estonia, Latvia, Lithuania. Over 150\u20ac -&gt;&nbsp;free shipping via Parcel Machine&nbsp;to Finland. Under 100\u20ac -&gt; 3.00\u20ac per shipping via Parcel Machine to Estonia, Latvia, Lithuania. Rest of Europe 8 \u20ac&nbsp; Rest of the world 15 \u20ac DELIVERY Estonia, Latvia, Lithuania \u2013 1 to [&hellip;]<\/p>\n","protected":false},"author":1,"featured_media":0,"parent":0,"menu_order":0,"comment_status":"closed","ping_status":"closed","template":"elementor_header_footer","meta":{"_eb_attr":"","_monsterinsights_skip_tracking":false,"_monsterinsights_sitenote_active":false,"_monsterinsights_sitenote_note":"","_monsterinsights_sitenote_category":0,"site-sidebar-layout":"no-sidebar","site-content-layout":"default","ast-site-content-layout":"","site-content-style":"default","site-sidebar-style":"default","ast-global-header-display":"","ast-banner-title-visibility":"","ast-main-header-display":"","ast-hfb-above-header-display":"","ast-hfb-below-header-display":"","ast-hfb-mobile-header-display":"","site-post-title":"","ast-breadcrumbs-content":"","ast-featured-img":"","footer-sml-layout":"","theme-transparent-header-meta":"default","adv-header-id-meta":"","stick-header-meta":"","header-above-stick-meta":"","header-main-stick-meta":"","header-below-stick-meta":"","astra-migrate-meta-layouts":"default","ast-page-background-enabled":"default","ast-page-background-meta":{"desktop":{"background-color":"","background-image":"","background-repeat":"repeat","background-position":"center center","background-size":"auto","background-attachment":"scroll","background-type":"","background-media":"","overlay-type":"","overlay-color":"","overlay-opacity":"","overlay-gradient":""},"tablet":{"background-color":"","background-image":"","background-repeat":"repeat","background-position":"center center","background-size":"auto","background-attachment":"scroll","background-type":"","background-media":"","overlay-type":"","overlay-color":"","overlay-opacity":"","overlay-gradient":""},"mobile":{"background-color":"","background-image":"","background-repeat":"repeat","background-position":"center center","background-size":"auto","background-attachment":"scroll","background-type":"","background-media":"","overlay-type":"","overlay-color":"","overlay-opacity":"","overlay-gradient":""}},"ast-content-background-meta":{"desktop":{"background-color":"var(--ast-global-color-5)","background-image":"","background-repeat":"repeat","background-position":"center center","background-size":"auto","background-attachment":"scroll","background-type":"","background-media":"","overlay-type":"","overlay-color":"","overlay-opacity":"","overlay-gradient":""},"tablet":{"background-color":"var(--ast-global-color-5)","background-image":"","background-repeat":"repeat","background-position":"center center","background-size":"auto","background-attachment":"scroll","background-type":"","background-media":"","overlay-type":"","overlay-color":"","overlay-opacity":"","overlay-gradient":""},"mobile":{"background-color":"var(--ast-global-color-5)","background-image":"","background-repeat":"repeat","background-position":"center center","background-size":"auto","background-attachment":"scroll","background-type":"","background-media":"","overlay-type":"","overlay-color":"","overlay-opacity":"","overlay-gradient":""}},"footnotes":""},"class_list":["post-880","page","type-page","status-publish","hentry"],"aioseo_notices":[],"jetpack_sharing_enabled":true,"_links":{"self":[{"href":"https:\/\/www.illimor.com\/et\/wp-json\/wp\/v2\/pages\/880","targetHints":{"allow":["GET"]}}],"collection":[{"href":"https:\/\/www.illimor.com\/et\/wp-json\/wp\/v2\/pages"}],"about":[{"href":"https:\/\/www.illimor.com\/et\/wp-json\/wp\/v2\/types\/page"}],"author":[{"embeddable":true,"href":"https:\/\/www.illimor.com\/et\/wp-json\/wp\/v2\/users\/1"}],"replies":[{"embeddable":true,"href":"https:\/\/www.illimor.com\/et\/wp-json\/wp\/v2\/comments?post=880"}],"version-history":[{"count":5,"href":"https:\/\/www.illimor.com\/et\/wp-json\/wp\/v2\/pages\/880\/revisions"}],"predecessor-version":[{"id":31781,"href":"https:\/\/www.illimor.com\/et\/wp-json\/wp\/v2\/pages\/880\/revisions\/31781"}],"wp:attachment":[{"href":"https:\/\/www.illimor.com\/et\/wp-json\/wp\/v2\/media?parent=880"}],"curies":[{"name":"wp","href":"https:\/\/api.w.org\/{rel}","templated":true}]}}