{"id":2171,"date":"2020-12-20T15:36:19","date_gmt":"2020-12-20T15:36:19","guid":{"rendered":"https:\/\/www.illimor.com\/?post_type=product&#038;p=2171"},"modified":"2023-01-14T19:24:07","modified_gmt":"2023-01-14T19:24:07","slug":"meya-tencel-black","status":"publish","type":"product","link":"https:\/\/www.illimor.com\/et\/toode\/meya-tencel-black\/","title":{"rendered":"MEYA shirt"},"content":{"rendered":"","protected":false},"excerpt":{"rendered":"<p>MEYA veidi taljesse t\u00f6\u00f6deldud t-s\u00e4rk sobib kandmiseks paljudel erinevatel \u00fcritustel. Diagonaalselt \u00fcle s\u00e4rgi looklev \u00f5mblus lisab muidu klassikalisele l\u00f5ikele veidi originaalsust ja s\u00e4ra.<\/p>\n<p>S\u00e4rk on valmistatud keskkonnas\u00f5bralikust TENCEL\u2122 kangast, mis on toodetud j\u00e4tkusuutlikult kasvatatud eukal\u00fcptipuu kiududest. Tencel\u2122 on nahas\u00f5bralik materjal, mis on pehme kui siid, vastupidav ja hingav.<\/p>\n<p>See toode on disainitud ja valmistatud Eestis \u2665<\/p>\n<p>NB! Vaata ka MEYA t-s\u00e4rki <a href=\"https:\/\/www.illimor.com\/et\/toode\/meya-t-shirt-black-embroidered\/\"><span style=\"color: #003366;\"><strong>with embroidery<\/strong><\/span><\/a>!<\/p>\n<p><strong>MUDEL<\/strong><\/p>\n<ul>\n<li>Veidi taljes<\/li>\n<li>L\u00fchikesed varrukad<\/li>\n<li>Diagonaalne \u00f5mblus \u00fcle esi- ja seljaosa<\/li>\n<\/ul>\n<p><strong>MATERJAL<\/strong><\/p>\n<ul>\n<li>93% Tencel\u2122 \/ 7% elastaan (OEKO-TEX)<\/li>\n<li>Toodetud Eestis<\/li>\n<\/ul>\n<p><strong>NB! Toote valmistamisele v\u00f5ib kuluda 5 kuni 7 p\u00e4eva.<\/strong> L\u00e4htudes j\u00e4tkusuutlikuse p\u00f5him\u00f5ttest, ei tooda iLLIMOR lattu suur koguseid.<\/p>","protected":false},"featured_media":4120,"template":"","meta":{"_eb_attr":"","_monsterinsights_skip_tracking":false,"_monsterinsights_sitenote_active":false,"_monsterinsights_sitenote_note":"","_monsterinsights_sitenote_category":0,"site-sidebar-layout":"no-sidebar","site-content-layout":"default","ast-site-content-layout":"","site-content-style":"default","site-sidebar-style":"default","ast-global-header-display":"","ast-banner-title-visibility":"","ast-main-header-display":"","ast-hfb-above-header-display":"","ast-hfb-below-header-display":"","ast-hfb-mobile-header-display":"","site-post-title":"","ast-breadcrumbs-content":"","ast-featured-img":"","footer-sml-layout":"","theme-transparent-header-meta":"disabled","adv-header-id-meta":"","stick-header-meta":"","header-above-stick-meta":"","header-main-stick-meta":"","header-below-stick-meta":"","astra-migrate-meta-layouts":"default","ast-page-background-enabled":"default","ast-page-background-meta":{"desktop":{"background-color":"","background-image":"","background-repeat":"repeat","background-position":"center center","background-size":"auto","background-attachment":"scroll","background-type":"","background-media":"","overlay-type":"","overlay-color":"","overlay-opacity":"","overlay-gradient":""},"tablet":{"background-color":"","background-image":"","background-repeat":"repeat","background-position":"center center","background-size":"auto","background-attachment":"scroll","background-type":"","background-media":"","overlay-type":"","overlay-color":"","overlay-opacity":"","overlay-gradient":""},"mobile":{"background-color":"","background-image":"","background-repeat":"repeat","background-position":"center center","background-size":"auto","background-attachment":"scroll","background-type":"","background-media":"","overlay-type":"","overlay-color":"","overlay-opacity":"","overlay-gradient":""}},"ast-content-background-meta":{"desktop":{"background-color":"var(--ast-global-color-5)","background-image":"","background-repeat":"repeat","background-position":"center center","background-size":"auto","background-attachment":"scroll","background-type":"","background-media":"","overlay-type":"","overlay-color":"","overlay-opacity":"","overlay-gradient":""},"tablet":{"background-color":"var(--ast-global-color-5)","background-image":"","background-repeat":"repeat","background-position":"center center","background-size":"auto","background-attachment":"scroll","background-type":"","background-media":"","overlay-type":"","overlay-color":"","overlay-opacity":"","overlay-gradient":""},"mobile":{"background-color":"var(--ast-global-color-5)","background-image":"","background-repeat":"repeat","background-position":"center center","background-size":"auto","background-attachment":"scroll","background-type":"","background-media":"","overlay-type":"","overlay-color":"","overlay-opacity":"","overlay-gradient":""}}},"product_brand":[],"product_cat":[15,134,105,130,137],"product_tag":[45,54,39,38,136],"class_list":{"0":"post-2171","1":"product","2":"type-product","3":"status-publish","4":"has-post-thumbnail","6":"product_cat-products","7":"product_cat-womens-shirts","8":"product_cat-shirts","9":"product_cat-women","10":"product_cat-work-wear","11":"product_tag-black","12":"product_tag-short-sleeves","13":"product_tag-t-shirts","14":"product_tag-tencel","15":"product_tag-work-wear","16":"pa_color-black","17":"pa_color-black-white","18":"pa_color-black-yellow","19":"pa_size-xsmall","20":"pa_size-small","21":"pa_size-medium","22":"pa_size-large","23":"pa_size-xlarge","24":"desktop-align-left","25":"tablet-align-left","26":"mobile-align-left","28":"first","29":"instock","30":"taxable","31":"shipping-taxable","32":"purchasable","33":"product-type-variable","34":"has-default-attributes"},"aioseo_notices":[],"jetpack_sharing_enabled":true,"_links":{"self":[{"href":"https:\/\/www.illimor.com\/et\/wp-json\/wp\/v2\/product\/2171","targetHints":{"allow":["GET"]}}],"collection":[{"href":"https:\/\/www.illimor.com\/et\/wp-json\/wp\/v2\/product"}],"about":[{"href":"https:\/\/www.illimor.com\/et\/wp-json\/wp\/v2\/types\/product"}],"version-history":[{"count":5,"href":"https:\/\/www.illimor.com\/et\/wp-json\/wp\/v2\/product\/2171\/revisions"}],"predecessor-version":[{"id":31623,"href":"https:\/\/www.illimor.com\/et\/wp-json\/wp\/v2\/product\/2171\/revisions\/31623"}],"wp:featuredmedia":[{"embeddable":true,"href":"https:\/\/www.illimor.com\/et\/wp-json\/wp\/v2\/media\/4120"}],"wp:attachment":[{"href":"https:\/\/www.illimor.com\/et\/wp-json\/wp\/v2\/media?parent=2171"}],"wp:term":[{"taxonomy":"product_brand","embeddable":true,"href":"https:\/\/www.illimor.com\/et\/wp-json\/wp\/v2\/product_brand?post=2171"},{"taxonomy":"product_cat","embeddable":true,"href":"https:\/\/www.illimor.com\/et\/wp-json\/wp\/v2\/product_cat?post=2171"},{"taxonomy":"product_tag","embeddable":true,"href":"https:\/\/www.illimor.com\/et\/wp-json\/wp\/v2\/product_tag?post=2171"}],"curies":[{"name":"wp","href":"https:\/\/api.w.org\/{rel}","templated":true}]}}