{"id":31186,"date":"2022-11-08T22:40:22","date_gmt":"2022-11-08T22:40:22","guid":{"rendered":"https:\/\/illimor.com\/?post_type=product&#038;p=31186"},"modified":"2023-03-14T05:56:38","modified_gmt":"2023-03-14T05:56:38","slug":"bomani-shirt-blue","status":"publish","type":"product","link":"https:\/\/www.illimor.com\/et\/toode\/bomani-shirt-blue\/","title":{"rendered":"BOMANI shirt"},"content":{"rendered":"","protected":false},"excerpt":{"rendered":"<p>&nbsp;<\/p>\n<p>BOMANI pluus on valmistatud v\u00e4\u00e4rtustatava  taaskasutuse p\u00f5him\u00f5ttel, kohaliku t\u00f6\u00f6stuse kangaj\u00e4\u00e4kidest. Mudel on avara l\u00f5ikega, l\u00fchikeste varrukatega ja klapiga taskutega. Esiosal on trukid.<\/p>\n<p>Bomani pluus on saadaval suurustes S ja L. Avara l\u00f5ikena, sobib v\u00e4iksem suurus ka M-kandjale ning L passib h\u00e4sti ka XL-kandjale.<\/p>\n<p>Stiliseeri pluus komplektis oleva <strong><a href=\"https:\/\/www.illimor.com\/et\/toode\/bungi-trousers\/\">Bungi p\u00fckstega<\/a><\/strong> ja n\u00e4ed super originaalne v\u00e4lja ;)<\/p>\n<p>See toode on disainitud ja valmistatud Eestis \u2665<\/p>\n<p><strong>MUDEL<\/strong><\/p>\n<ul>\n<li>Saadaval suurustes S ja L<\/li>\n<li>K\u00f5rge kaelus<\/li>\n<li>Taskud<\/li>\n<li>Trukid<\/li>\n<\/ul>\n<p><strong>MATERJAL<\/strong><\/p>\n<ul>\n<li>100% puuvill (Upcycled)<\/li>\n<\/ul>","protected":false},"featured_media":31179,"template":"","meta":{"_eb_attr":"","_monsterinsights_skip_tracking":false,"_monsterinsights_sitenote_active":false,"_monsterinsights_sitenote_note":"","_monsterinsights_sitenote_category":0,"site-sidebar-layout":"no-sidebar","site-content-layout":"default","ast-site-content-layout":"","site-content-style":"default","site-sidebar-style":"default","ast-global-header-display":"","ast-banner-title-visibility":"","ast-main-header-display":"","ast-hfb-above-header-display":"","ast-hfb-below-header-display":"","ast-hfb-mobile-header-display":"","site-post-title":"","ast-breadcrumbs-content":"","ast-featured-img":"","footer-sml-layout":"","theme-transparent-header-meta":"disabled","adv-header-id-meta":"","stick-header-meta":"","header-above-stick-meta":"","header-main-stick-meta":"","header-below-stick-meta":"","astra-migrate-meta-layouts":"default","ast-page-background-enabled":"default","ast-page-background-meta":{"desktop":{"background-color":"","background-image":"","background-repeat":"repeat","background-position":"center center","background-size":"auto","background-attachment":"scroll","background-type":"","background-media":"","overlay-type":"","overlay-color":"","overlay-opacity":"","overlay-gradient":""},"tablet":{"background-color":"","background-image":"","background-repeat":"repeat","background-position":"center center","background-size":"auto","background-attachment":"scroll","background-type":"","background-media":"","overlay-type":"","overlay-color":"","overlay-opacity":"","overlay-gradient":""},"mobile":{"background-color":"","background-image":"","background-repeat":"repeat","background-position":"center center","background-size":"auto","background-attachment":"scroll","background-type":"","background-media":"","overlay-type":"","overlay-color":"","overlay-opacity":"","overlay-gradient":""}},"ast-content-background-meta":{"desktop":{"background-color":"var(--ast-global-color-5)","background-image":"","background-repeat":"repeat","background-position":"center center","background-size":"auto","background-attachment":"scroll","background-type":"","background-media":"","overlay-type":"","overlay-color":"","overlay-opacity":"","overlay-gradient":""},"tablet":{"background-color":"var(--ast-global-color-5)","background-image":"","background-repeat":"repeat","background-position":"center center","background-size":"auto","background-attachment":"scroll","background-type":"","background-media":"","overlay-type":"","overlay-color":"","overlay-opacity":"","overlay-gradient":""},"mobile":{"background-color":"var(--ast-global-color-5)","background-image":"","background-repeat":"repeat","background-position":"center center","background-size":"auto","background-attachment":"scroll","background-type":"","background-media":"","overlay-type":"","overlay-color":"","overlay-opacity":"","overlay-gradient":""}}},"product_brand":[],"product_cat":[15,213,134,130],"product_tag":[57,47,114,157,56,44],"class_list":{"0":"post-31186","1":"product","2":"type-product","3":"status-publish","4":"has-post-thumbnail","6":"product_cat-products","7":"product_cat-highlights","8":"product_cat-womens-shirts","9":"product_cat-women","10":"product_tag-belt","11":"product_tag-blouse","12":"product_tag-blue","13":"product_tag-new-collection","14":"product_tag-pockets","15":"product_tag-upcycled","16":"pa_color-dark-blue","17":"pa_size-l-xl","18":"pa_size-s-m","19":"desktop-align-left","20":"tablet-align-left","21":"mobile-align-left","23":"first","24":"instock","25":"sold-individually","26":"taxable","27":"shipping-taxable","28":"purchasable","29":"product-type-variable","30":"has-default-attributes"},"aioseo_notices":[],"jetpack_sharing_enabled":true,"_links":{"self":[{"href":"https:\/\/www.illimor.com\/et\/wp-json\/wp\/v2\/product\/31186","targetHints":{"allow":["GET"]}}],"collection":[{"href":"https:\/\/www.illimor.com\/et\/wp-json\/wp\/v2\/product"}],"about":[{"href":"https:\/\/www.illimor.com\/et\/wp-json\/wp\/v2\/types\/product"}],"version-history":[{"count":4,"href":"https:\/\/www.illimor.com\/et\/wp-json\/wp\/v2\/product\/31186\/revisions"}],"predecessor-version":[{"id":31594,"href":"https:\/\/www.illimor.com\/et\/wp-json\/wp\/v2\/product\/31186\/revisions\/31594"}],"wp:featuredmedia":[{"embeddable":true,"href":"https:\/\/www.illimor.com\/et\/wp-json\/wp\/v2\/media\/31179"}],"wp:attachment":[{"href":"https:\/\/www.illimor.com\/et\/wp-json\/wp\/v2\/media?parent=31186"}],"wp:term":[{"taxonomy":"product_brand","embeddable":true,"href":"https:\/\/www.illimor.com\/et\/wp-json\/wp\/v2\/product_brand?post=31186"},{"taxonomy":"product_cat","embeddable":true,"href":"https:\/\/www.illimor.com\/et\/wp-json\/wp\/v2\/product_cat?post=31186"},{"taxonomy":"product_tag","embeddable":true,"href":"https:\/\/www.illimor.com\/et\/wp-json\/wp\/v2\/product_tag?post=31186"}],"curies":[{"name":"wp","href":"https:\/\/api.w.org\/{rel}","templated":true}]}}