{"id":32513,"date":"2024-07-09T14:09:45","date_gmt":"2024-07-09T14:09:45","guid":{"rendered":"https:\/\/illimor.com\/?post_type=product&#038;p=32513"},"modified":"2024-07-09T14:27:45","modified_gmt":"2024-07-09T14:27:45","slug":"tartu2024-x-illimor-shirt-black","status":"publish","type":"product","link":"https:\/\/www.illimor.com\/et\/toode\/tartu2024-x-illimor-shirt-black\/","title":{"rendered":"Tartu2024 x illimor shirt, black"},"content":{"rendered":"","protected":false},"excerpt":{"rendered":"<p>Tartu2024, the European Capital of Culture 2024, has teamed up with iLLIMOR to create an exclusive collection containing custom-made numbered pieces. \u00a0The collection is made of sustainable Tencel, blending artistry and eco-consciousness.<\/p>\n<p>This t-shirt comes in a unisex style and has 5cm wide Tartu2024 ribbon on the sleeve.<\/p>\n<p>Designed and produced in Tartu \u2665<\/p>\n<p><strong>MATERJAL<\/strong><\/p>\n<ul>\n<li>93% Tencel\u2122 \/ 7% elastaan (OEKO-TEX)<\/li>\n<li>Toodetud Eestis<\/li>\n<\/ul>\n<p><strong>NB! Please allow 1 week to make this beautiful garment for you.<\/strong> L\u00e4htudes j\u00e4tkusuutlikuse p\u00f5him\u00f5ttest, ei tooda iLLIMOR lattu suur koguseid.<\/p>","protected":false},"featured_media":32530,"template":"","meta":{"_eb_attr":"","_monsterinsights_skip_tracking":false,"_monsterinsights_sitenote_active":false,"_monsterinsights_sitenote_note":"","_monsterinsights_sitenote_category":0,"site-sidebar-layout":"no-sidebar","site-content-layout":"default","ast-site-content-layout":"","site-content-style":"default","site-sidebar-style":"default","ast-global-header-display":"","ast-banner-title-visibility":"","ast-main-header-display":"","ast-hfb-above-header-display":"","ast-hfb-below-header-display":"","ast-hfb-mobile-header-display":"","site-post-title":"","ast-breadcrumbs-content":"","ast-featured-img":"","footer-sml-layout":"","theme-transparent-header-meta":"disabled","adv-header-id-meta":"","stick-header-meta":"","header-above-stick-meta":"","header-main-stick-meta":"","header-below-stick-meta":"","astra-migrate-meta-layouts":"default","ast-page-background-enabled":"default","ast-page-background-meta":{"desktop":{"background-color":"","background-image":"","background-repeat":"repeat","background-position":"center center","background-size":"auto","background-attachment":"scroll","background-type":"","background-media":"","overlay-type":"","overlay-color":"","overlay-opacity":"","overlay-gradient":""},"tablet":{"background-color":"","background-image":"","background-repeat":"repeat","background-position":"center center","background-size":"auto","background-attachment":"scroll","background-type":"","background-media":"","overlay-type":"","overlay-color":"","overlay-opacity":"","overlay-gradient":""},"mobile":{"background-color":"","background-image":"","background-repeat":"repeat","background-position":"center center","background-size":"auto","background-attachment":"scroll","background-type":"","background-media":"","overlay-type":"","overlay-color":"","overlay-opacity":"","overlay-gradient":""}},"ast-content-background-meta":{"desktop":{"background-color":"var(--ast-global-color-5)","background-image":"","background-repeat":"repeat","background-position":"center center","background-size":"auto","background-attachment":"scroll","background-type":"","background-media":"","overlay-type":"","overlay-color":"","overlay-opacity":"","overlay-gradient":""},"tablet":{"background-color":"var(--ast-global-color-5)","background-image":"","background-repeat":"repeat","background-position":"center center","background-size":"auto","background-attachment":"scroll","background-type":"","background-media":"","overlay-type":"","overlay-color":"","overlay-opacity":"","overlay-gradient":""},"mobile":{"background-color":"var(--ast-global-color-5)","background-image":"","background-repeat":"repeat","background-position":"center center","background-size":"auto","background-attachment":"scroll","background-type":"","background-media":"","overlay-type":"","overlay-color":"","overlay-opacity":"","overlay-gradient":""}}},"product_brand":[],"product_cat":[15,219,131,105,134,130,137],"product_tag":[45,39,217,38,123],"class_list":{"0":"post-32513","1":"product","2":"type-product","3":"status-publish","4":"has-post-thumbnail","6":"product_cat-products","7":"product_cat-illimorxtartu2024","8":"product_cat-men","9":"product_cat-shirts","10":"product_cat-womens-shirts","11":"product_cat-women","12":"product_cat-work-wear","13":"product_tag-black","14":"product_tag-t-shirts","15":"product_tag-tartu2024","16":"product_tag-tencel","17":"product_tag-yellow","18":"pa_color-black","19":"pa_color-black-yellow","20":"pa_color-black_pink","21":"pa_size-small","22":"pa_size-medium","23":"pa_size-large","24":"pa_size-xlarge","25":"pa_size-2xlarge","26":"desktop-align-left","27":"tablet-align-left","28":"mobile-align-left","30":"first","31":"instock","32":"taxable","33":"shipping-taxable","34":"purchasable","35":"product-type-variable","36":"has-default-attributes"},"aioseo_notices":[],"jetpack_sharing_enabled":true,"_links":{"self":[{"href":"https:\/\/www.illimor.com\/et\/wp-json\/wp\/v2\/product\/32513","targetHints":{"allow":["GET"]}}],"collection":[{"href":"https:\/\/www.illimor.com\/et\/wp-json\/wp\/v2\/product"}],"about":[{"href":"https:\/\/www.illimor.com\/et\/wp-json\/wp\/v2\/types\/product"}],"version-history":[{"count":1,"href":"https:\/\/www.illimor.com\/et\/wp-json\/wp\/v2\/product\/32513\/revisions"}],"predecessor-version":[{"id":32542,"href":"https:\/\/www.illimor.com\/et\/wp-json\/wp\/v2\/product\/32513\/revisions\/32542"}],"wp:featuredmedia":[{"embeddable":true,"href":"https:\/\/www.illimor.com\/et\/wp-json\/wp\/v2\/media\/32530"}],"wp:attachment":[{"href":"https:\/\/www.illimor.com\/et\/wp-json\/wp\/v2\/media?parent=32513"}],"wp:term":[{"taxonomy":"product_brand","embeddable":true,"href":"https:\/\/www.illimor.com\/et\/wp-json\/wp\/v2\/product_brand?post=32513"},{"taxonomy":"product_cat","embeddable":true,"href":"https:\/\/www.illimor.com\/et\/wp-json\/wp\/v2\/product_cat?post=32513"},{"taxonomy":"product_tag","embeddable":true,"href":"https:\/\/www.illimor.com\/et\/wp-json\/wp\/v2\/product_tag?post=32513"}],"curies":[{"name":"wp","href":"https:\/\/api.w.org\/{rel}","templated":true}]}}