{"id":3864,"date":"2021-06-05T11:15:26","date_gmt":"2021-06-05T11:15:26","guid":{"rendered":"https:\/\/www.illimor.com\/?post_type=product&#038;p=3864"},"modified":"2023-01-14T19:20:06","modified_gmt":"2023-01-14T19:20:06","slug":"malindi-womens-tencel-sweatshirt-beige-black","status":"publish","type":"product","link":"https:\/\/www.illimor.com\/et\/toode\/malindi-womens-tencel-sweatshirt-beige-black\/","title":{"rendered":"MALINDI sweatshirt"},"content":{"rendered":"","protected":false},"excerpt":{"rendered":"<p>MALINDI Tencel\u2122 dressipluus toob kohe kindlasti esile m\u00f5nusalt meeleoluka enesetunde. Peale selle hoiab suur kapuuts spontaanse vihmavalangu eest pea kuivas.<\/p>\n<p>Pusa on valmistatud keskkonnas\u00f5bralikust TENCEL\u2122 kangast, mis on toodetud j\u00e4tkusuutlikult kasvatatud eukal\u00fcptipuu kiududest. Tencel\u2122 on nahas\u00f5bralik materjal, mis on pehme kui siid, vastupidav ja hingav.<\/p>\n<p>See toode on disainitud ja valmistatud Eestis \u2665<\/p>\n<p><strong>MUDEL<\/strong><\/p>\n<ul>\n<li>Sirge l\u00f5ige<\/li>\n<li>Kapuuts reguleeritavate paeltega<\/li>\n<li>Pikad varrukad<\/li>\n<li>Esi- ja seljaosa muster on peegelpidis<\/li>\n<li>Modell on 171 cm pikk ja kannab S-suurust<\/li>\n<\/ul>\n<p><strong>MATERJAL<\/strong><\/p>\n<ul>\n<li>67% Tencel\u2122 \/ 28% org. puuvill \/ 5% elastaan (OKEO-TEX, GOTS)<\/li>\n<li>Toodetud Eestis<\/li>\n<\/ul>\n<p><strong>NB! Toote valmistamisele v\u00f5ib kuluda kuni 7 p\u00e4eva.<\/strong> L\u00e4htudes j\u00e4tkusuutlikuse p\u00f5him\u00f5ttest, ei tooda iLLIMOR lattu suur koguseid.<\/p>","protected":false},"featured_media":3639,"template":"","meta":{"_eb_attr":"","_monsterinsights_skip_tracking":false,"_monsterinsights_sitenote_active":false,"_monsterinsights_sitenote_note":"","_monsterinsights_sitenote_category":0,"site-sidebar-layout":"no-sidebar","site-content-layout":"default","ast-site-content-layout":"","site-content-style":"default","site-sidebar-style":"default","ast-global-header-display":"","ast-banner-title-visibility":"","ast-main-header-display":"","ast-hfb-above-header-display":"","ast-hfb-below-header-display":"","ast-hfb-mobile-header-display":"","site-post-title":"disabled","ast-breadcrumbs-content":"","ast-featured-img":"disabled","footer-sml-layout":"","theme-transparent-header-meta":"disabled","adv-header-id-meta":"","stick-header-meta":"","header-above-stick-meta":"","header-main-stick-meta":"","header-below-stick-meta":"","astra-migrate-meta-layouts":"default","ast-page-background-enabled":"default","ast-page-background-meta":{"desktop":{"background-color":"","background-image":"","background-repeat":"repeat","background-position":"center center","background-size":"auto","background-attachment":"scroll","background-type":"","background-media":"","overlay-type":"","overlay-color":"","overlay-opacity":"","overlay-gradient":""},"tablet":{"background-color":"","background-image":"","background-repeat":"repeat","background-position":"center center","background-size":"auto","background-attachment":"scroll","background-type":"","background-media":"","overlay-type":"","overlay-color":"","overlay-opacity":"","overlay-gradient":""},"mobile":{"background-color":"","background-image":"","background-repeat":"repeat","background-position":"center center","background-size":"auto","background-attachment":"scroll","background-type":"","background-media":"","overlay-type":"","overlay-color":"","overlay-opacity":"","overlay-gradient":""}},"ast-content-background-meta":{"desktop":{"background-color":"var(--ast-global-color-5)","background-image":"","background-repeat":"repeat","background-position":"center center","background-size":"auto","background-attachment":"scroll","background-type":"","background-media":"","overlay-type":"","overlay-color":"","overlay-opacity":"","overlay-gradient":""},"tablet":{"background-color":"var(--ast-global-color-5)","background-image":"","background-repeat":"repeat","background-position":"center center","background-size":"auto","background-attachment":"scroll","background-type":"","background-media":"","overlay-type":"","overlay-color":"","overlay-opacity":"","overlay-gradient":""},"mobile":{"background-color":"var(--ast-global-color-5)","background-image":"","background-repeat":"repeat","background-position":"center center","background-size":"auto","background-attachment":"scroll","background-type":"","background-media":"","overlay-type":"","overlay-color":"","overlay-opacity":"","overlay-gradient":""}}},"product_brand":[],"product_cat":[15,135,106,130,137],"product_tag":[150,45,162,40,157,149,159,41,38,136],"class_list":{"0":"post-3864","1":"product","2":"type-product","3":"status-publish","4":"has-post-thumbnail","6":"product_cat-products","7":"product_cat-womens-sweatshirt","8":"product_cat-sweatshirts","9":"product_cat-women","10":"product_cat-work-wear","11":"product_tag-beige","12":"product_tag-black","13":"product_tag-eff2021","14":"product_tag-hoodie","15":"product_tag-new-collection","16":"product_tag-regular-fit","17":"product_tag-ss21","18":"product_tag-sweatshirt","19":"product_tag-tencel","20":"product_tag-work-wear","21":"pa_color-beige-black","22":"pa_color-black-khaki","23":"pa_color-khaki-black","24":"pa_color-yellow","25":"desktop-align-left","26":"tablet-align-left","27":"mobile-align-left","29":"first","30":"instock","31":"purchasable","32":"product-type-variable","33":"has-default-attributes"},"aioseo_notices":[],"jetpack_sharing_enabled":true,"_links":{"self":[{"href":"https:\/\/www.illimor.com\/et\/wp-json\/wp\/v2\/product\/3864","targetHints":{"allow":["GET"]}}],"collection":[{"href":"https:\/\/www.illimor.com\/et\/wp-json\/wp\/v2\/product"}],"about":[{"href":"https:\/\/www.illimor.com\/et\/wp-json\/wp\/v2\/types\/product"}],"version-history":[{"count":3,"href":"https:\/\/www.illimor.com\/et\/wp-json\/wp\/v2\/product\/3864\/revisions"}],"predecessor-version":[{"id":31607,"href":"https:\/\/www.illimor.com\/et\/wp-json\/wp\/v2\/product\/3864\/revisions\/31607"}],"wp:featuredmedia":[{"embeddable":true,"href":"https:\/\/www.illimor.com\/et\/wp-json\/wp\/v2\/media\/3639"}],"wp:attachment":[{"href":"https:\/\/www.illimor.com\/et\/wp-json\/wp\/v2\/media?parent=3864"}],"wp:term":[{"taxonomy":"product_brand","embeddable":true,"href":"https:\/\/www.illimor.com\/et\/wp-json\/wp\/v2\/product_brand?post=3864"},{"taxonomy":"product_cat","embeddable":true,"href":"https:\/\/www.illimor.com\/et\/wp-json\/wp\/v2\/product_cat?post=3864"},{"taxonomy":"product_tag","embeddable":true,"href":"https:\/\/www.illimor.com\/et\/wp-json\/wp\/v2\/product_tag?post=3864"}],"curies":[{"name":"wp","href":"https:\/\/api.w.org\/{rel}","templated":true}]}}