{"id":3935,"date":"2021-06-05T12:15:24","date_gmt":"2021-06-05T12:15:24","guid":{"rendered":"https:\/\/www.illimor.com\/?post_type=product&#038;p=3935"},"modified":"2023-01-14T19:18:50","modified_gmt":"2023-01-14T19:18:50","slug":"gizenga-tencel-sweatshirt-beige","status":"publish","type":"product","link":"https:\/\/www.illimor.com\/et\/toode\/gizenga-tencel-sweatshirt-beige\/","title":{"rendered":"GIZENGA sweatshirt"},"content":{"rendered":"","protected":false},"excerpt":{"rendered":"<p>GIZENGA v\u00e4rviline Tencel\u2122 dressipluus toob kohe kindlasti esile m\u00f5nusalt meeleoluka enesetunde.<\/p>\n<p>Pusa on valmistatud keskkonnas\u00f5bralikust TENCEL\u2122 kangast, mis on toodetud j\u00e4tkusuutlikult kasvatatud eukal\u00fcptipuust. Tencel\u2122 on nahas\u00f5bralik materjal, mis on pehme kui siid, vastupidav ja hingav.<\/p>\n<p>See toode on disainitud ja valmistatud Eestis \u2665<\/p>\n<p><strong>MUDEL<\/strong><\/p>\n<ul>\n<li>Sirge l\u00f5ige<\/li>\n<li>Koosneb kolmest v\u00e4rvist<\/li>\n<li>Pikad varrukad<\/li>\n<li>Modell on 171 cm pikk ja kannab S-suurust<\/li>\n<\/ul>\n<p><strong>MATERJAL<\/strong><\/p>\n<ul>\n<li>BEE\u017d: 67% Tencel\u2122 \/ 28% Org. puuvill \/ 5% elastaan (OEKO-TEX, GOTS)<\/li>\n<li>ROHELINE: 100% puuvill (OKEKO-TEX)<\/li>\n<li>PUNANE: 100% viskoos<\/li>\n<li>Toodetud Eestis<\/li>\n<\/ul>\n<p><strong>NB! Toote valmistamisele v\u00f5ib kuluda kuni 10 p\u00e4eva.<\/strong> L\u00e4htudes j\u00e4tkusuutlikuse p\u00f5him\u00f5ttest, ei tooda iLLIMOR lattu suur koguseid.<\/p>","protected":false},"featured_media":3658,"template":"","meta":{"_eb_attr":"","_monsterinsights_skip_tracking":false,"_monsterinsights_sitenote_active":false,"_monsterinsights_sitenote_note":"","_monsterinsights_sitenote_category":0,"site-sidebar-layout":"no-sidebar","site-content-layout":"default","ast-site-content-layout":"","site-content-style":"default","site-sidebar-style":"default","ast-global-header-display":"","ast-banner-title-visibility":"","ast-main-header-display":"","ast-hfb-above-header-display":"","ast-hfb-below-header-display":"","ast-hfb-mobile-header-display":"","site-post-title":"disabled","ast-breadcrumbs-content":"","ast-featured-img":"disabled","footer-sml-layout":"","theme-transparent-header-meta":"disabled","adv-header-id-meta":"","stick-header-meta":"","header-above-stick-meta":"","header-main-stick-meta":"","header-below-stick-meta":"","astra-migrate-meta-layouts":"default","ast-page-background-enabled":"default","ast-page-background-meta":{"desktop":{"background-color":"","background-image":"","background-repeat":"repeat","background-position":"center center","background-size":"auto","background-attachment":"scroll","background-type":"","background-media":"","overlay-type":"","overlay-color":"","overlay-opacity":"","overlay-gradient":""},"tablet":{"background-color":"","background-image":"","background-repeat":"repeat","background-position":"center center","background-size":"auto","background-attachment":"scroll","background-type":"","background-media":"","overlay-type":"","overlay-color":"","overlay-opacity":"","overlay-gradient":""},"mobile":{"background-color":"","background-image":"","background-repeat":"repeat","background-position":"center center","background-size":"auto","background-attachment":"scroll","background-type":"","background-media":"","overlay-type":"","overlay-color":"","overlay-opacity":"","overlay-gradient":""}},"ast-content-background-meta":{"desktop":{"background-color":"var(--ast-global-color-5)","background-image":"","background-repeat":"repeat","background-position":"center center","background-size":"auto","background-attachment":"scroll","background-type":"","background-media":"","overlay-type":"","overlay-color":"","overlay-opacity":"","overlay-gradient":""},"tablet":{"background-color":"var(--ast-global-color-5)","background-image":"","background-repeat":"repeat","background-position":"center center","background-size":"auto","background-attachment":"scroll","background-type":"","background-media":"","overlay-type":"","overlay-color":"","overlay-opacity":"","overlay-gradient":""},"mobile":{"background-color":"var(--ast-global-color-5)","background-image":"","background-repeat":"repeat","background-position":"center center","background-size":"auto","background-attachment":"scroll","background-type":"","background-media":"","overlay-type":"","overlay-color":"","overlay-opacity":"","overlay-gradient":""}}},"product_brand":[],"product_cat":[15,106,135,130],"product_tag":[150,162,154,157,153,149,159,41,38],"class_list":{"0":"post-3935","1":"product","2":"type-product","3":"status-publish","4":"has-post-thumbnail","6":"product_cat-products","7":"product_cat-sweatshirts","8":"product_cat-womens-sweatshirt","9":"product_cat-women","10":"product_tag-beige","11":"product_tag-eff2021","12":"product_tag-green","13":"product_tag-new-collection","14":"product_tag-red","15":"product_tag-regular-fit","16":"product_tag-ss21","17":"product_tag-sweatshirt","18":"product_tag-tencel","19":"pa_color-beige","20":"desktop-align-left","21":"tablet-align-left","22":"mobile-align-left","24":"first","25":"outofstock","26":"purchasable","27":"product-type-variable","28":"has-default-attributes"},"aioseo_notices":[],"jetpack_sharing_enabled":true,"_links":{"self":[{"href":"https:\/\/www.illimor.com\/et\/wp-json\/wp\/v2\/product\/3935","targetHints":{"allow":["GET"]}}],"collection":[{"href":"https:\/\/www.illimor.com\/et\/wp-json\/wp\/v2\/product"}],"about":[{"href":"https:\/\/www.illimor.com\/et\/wp-json\/wp\/v2\/types\/product"}],"version-history":[{"count":5,"href":"https:\/\/www.illimor.com\/et\/wp-json\/wp\/v2\/product\/3935\/revisions"}],"predecessor-version":[{"id":31602,"href":"https:\/\/www.illimor.com\/et\/wp-json\/wp\/v2\/product\/3935\/revisions\/31602"}],"wp:featuredmedia":[{"embeddable":true,"href":"https:\/\/www.illimor.com\/et\/wp-json\/wp\/v2\/media\/3658"}],"wp:attachment":[{"href":"https:\/\/www.illimor.com\/et\/wp-json\/wp\/v2\/media?parent=3935"}],"wp:term":[{"taxonomy":"product_brand","embeddable":true,"href":"https:\/\/www.illimor.com\/et\/wp-json\/wp\/v2\/product_brand?post=3935"},{"taxonomy":"product_cat","embeddable":true,"href":"https:\/\/www.illimor.com\/et\/wp-json\/wp\/v2\/product_cat?post=3935"},{"taxonomy":"product_tag","embeddable":true,"href":"https:\/\/www.illimor.com\/et\/wp-json\/wp\/v2\/product_tag?post=3935"}],"curies":[{"name":"wp","href":"https:\/\/api.w.org\/{rel}","templated":true}]}}