{"id":4125,"date":"2021-06-07T19:25:45","date_gmt":"2021-06-07T19:25:45","guid":{"rendered":"https:\/\/www.illimor.com\/?post_type=product&#038;p=4125"},"modified":"2021-06-09T12:02:13","modified_gmt":"2021-06-09T12:02:13","slug":"the-door-womens-tencel-t-shirt","status":"publish","type":"product","link":"https:\/\/www.illimor.com\/et\/toode\/the-door-womens-tencel-t-shirt\/","title":{"rendered":"\"Uks\" naiste Tencel t-s\u00e4rk"},"content":{"rendered":"","protected":false},"excerpt":{"rendered":"<p>\"Uks\" on Eesti kunstniku <strong>Ave Schmidt'i illustratsioon.<\/strong>Ave visuaalset graafilist k\u00e4ekirja iseloomustab lopsakas kujutlusv\u00f5ime, kus ta kompab julgelt ja oskuslikult erinevate proportsioonide ning kujundite piire.<\/p>\n<p class=\"translation-block\">Tema t\u00f6\u00f6des on tihti kesksel kohal t\u00e4nases maailmas toimetav \u00fcksik indiviid, koos oma draama, absurdsuse ja kom\u00f6\u00f6diaga. Nii v\u00f5ib ette kujutada, et \"Uks\" on hoopiski Aken, ning m\u00f5elda, et kui keegi sulgeb meie eest ukse, on alati olemas aken. \u00dcks asi on igaljuhul kindel - <strong> meis k\u00f5igis peitub m\u00fcstiline galaktika<\/strong>.<\/p>\n<p class=\"translation-block\">Illustratsioon on prinditud keskkonnas\u00f5bralikul DTG meetodil, sulandudes kangasse loomulikul teel.<\/p>\n<p><strong>INFO<\/strong><\/p>\n<ul>\n<li>Veidi taljes<\/li>\n<li>L\u00fchikesed varrukad<\/li>\n<li>DTG prinditud illustratsioon<\/li>\n<li>Modell on 171 cm pikk ja kannab S-suurust<\/li>\n<\/ul>\n<p><strong>MATERJAL<\/strong><\/p>\n<ul>\n<li>93% Tencel\u2122 \/ 7% elastaan (OEKO-TEX)<\/li>\n<li>Toodetud Eestis<\/li>\n<\/ul>\n<p><strong>NB! Toote valmistamisele v\u00f5ib kuluda 5 kuni 7 p\u00e4eva.<\/strong> L\u00e4htudes j\u00e4tkusuutlikuse p\u00f5him\u00f5ttest, ei tooda iLLIMOR lattu suur koguseid.<\/p>","protected":false},"featured_media":3614,"template":"","meta":{"_eb_attr":"","_monsterinsights_skip_tracking":false,"_monsterinsights_sitenote_active":false,"_monsterinsights_sitenote_note":"","_monsterinsights_sitenote_category":0,"site-sidebar-layout":"no-sidebar","site-content-layout":"default","ast-site-content-layout":"","site-content-style":"default","site-sidebar-style":"default","ast-global-header-display":"","ast-banner-title-visibility":"","ast-main-header-display":"","ast-hfb-above-header-display":"","ast-hfb-below-header-display":"","ast-hfb-mobile-header-display":"","site-post-title":"","ast-breadcrumbs-content":"","ast-featured-img":"","footer-sml-layout":"","theme-transparent-header-meta":"disabled","adv-header-id-meta":"","stick-header-meta":"","header-above-stick-meta":"","header-main-stick-meta":"","header-below-stick-meta":"","astra-migrate-meta-layouts":"default","ast-page-background-enabled":"default","ast-page-background-meta":{"desktop":{"background-color":"","background-image":"","background-repeat":"repeat","background-position":"center center","background-size":"auto","background-attachment":"scroll","background-type":"","background-media":"","overlay-type":"","overlay-color":"","overlay-opacity":"","overlay-gradient":""},"tablet":{"background-color":"","background-image":"","background-repeat":"repeat","background-position":"center center","background-size":"auto","background-attachment":"scroll","background-type":"","background-media":"","overlay-type":"","overlay-color":"","overlay-opacity":"","overlay-gradient":""},"mobile":{"background-color":"","background-image":"","background-repeat":"repeat","background-position":"center center","background-size":"auto","background-attachment":"scroll","background-type":"","background-media":"","overlay-type":"","overlay-color":"","overlay-opacity":"","overlay-gradient":""}},"ast-content-background-meta":{"desktop":{"background-color":"var(--ast-global-color-5)","background-image":"","background-repeat":"repeat","background-position":"center center","background-size":"auto","background-attachment":"scroll","background-type":"","background-media":"","overlay-type":"","overlay-color":"","overlay-opacity":"","overlay-gradient":""},"tablet":{"background-color":"var(--ast-global-color-5)","background-image":"","background-repeat":"repeat","background-position":"center center","background-size":"auto","background-attachment":"scroll","background-type":"","background-media":"","overlay-type":"","overlay-color":"","overlay-opacity":"","overlay-gradient":""},"mobile":{"background-color":"var(--ast-global-color-5)","background-image":"","background-repeat":"repeat","background-position":"center center","background-size":"auto","background-attachment":"scroll","background-type":"","background-media":"","overlay-type":"","overlay-color":"","overlay-opacity":"","overlay-gradient":""}}},"product_brand":[],"product_cat":[15,134,105,130],"product_tag":[160,161,128,157,54,159,39,38,112],"class_list":{"0":"post-4125","1":"product","2":"type-product","3":"status-publish","4":"has-post-thumbnail","6":"product_cat-products","7":"product_cat-womens-shirts","8":"product_cat-shirts","9":"product_cat-women","10":"product_tag-ave-schmidt","11":"product_tag-dtg-print","12":"product_tag-embroidery","13":"product_tag-new-collection","14":"product_tag-short-sleeves","15":"product_tag-ss21","16":"product_tag-t-shirts","17":"product_tag-tencel","18":"product_tag-white","19":"pa_size-small","20":"pa_size-medium","21":"pa_size-large","22":"desktop-align-left","23":"tablet-align-left","24":"mobile-align-left","26":"first","27":"instock","28":"taxable","29":"shipping-taxable","30":"purchasable","31":"product-type-variable","32":"has-default-attributes"},"aioseo_notices":[],"jetpack_sharing_enabled":true,"_links":{"self":[{"href":"https:\/\/www.illimor.com\/et\/wp-json\/wp\/v2\/product\/4125","targetHints":{"allow":["GET"]}}],"collection":[{"href":"https:\/\/www.illimor.com\/et\/wp-json\/wp\/v2\/product"}],"about":[{"href":"https:\/\/www.illimor.com\/et\/wp-json\/wp\/v2\/types\/product"}],"version-history":[{"count":5,"href":"https:\/\/www.illimor.com\/et\/wp-json\/wp\/v2\/product\/4125\/revisions"}],"predecessor-version":[{"id":4146,"href":"https:\/\/www.illimor.com\/et\/wp-json\/wp\/v2\/product\/4125\/revisions\/4146"}],"wp:featuredmedia":[{"embeddable":true,"href":"https:\/\/www.illimor.com\/et\/wp-json\/wp\/v2\/media\/3614"}],"wp:attachment":[{"href":"https:\/\/www.illimor.com\/et\/wp-json\/wp\/v2\/media?parent=4125"}],"wp:term":[{"taxonomy":"product_brand","embeddable":true,"href":"https:\/\/www.illimor.com\/et\/wp-json\/wp\/v2\/product_brand?post=4125"},{"taxonomy":"product_cat","embeddable":true,"href":"https:\/\/www.illimor.com\/et\/wp-json\/wp\/v2\/product_cat?post=4125"},{"taxonomy":"product_tag","embeddable":true,"href":"https:\/\/www.illimor.com\/et\/wp-json\/wp\/v2\/product_tag?post=4125"}],"curies":[{"name":"wp","href":"https:\/\/api.w.org\/{rel}","templated":true}]}}