{"id":4781,"date":"2021-07-12T08:37:34","date_gmt":"2021-07-12T08:37:34","guid":{"rendered":"https:\/\/www.illimor.com\/?post_type=product&#038;p=4781"},"modified":"2023-03-23T11:15:05","modified_gmt":"2023-03-23T11:15:05","slug":"koani-upcycled-blouse-white","status":"publish","type":"product","link":"https:\/\/www.illimor.com\/et\/toode\/koani-upcycled-blouse-white\/","title":{"rendered":"KOANI blouse"},"content":{"rendered":"","protected":false},"excerpt":{"rendered":"<p>See m\u00f5nusalt mahuline ja avar pluus on valmistatud v\u00e4\u00e4rtustava taaskasutuse viisil ehk upcycled kangast. Leidsime selle \u00f5hulise kanga kohaliku \u00f5mblusvabriku laost, mis seisis seal \u00fclej\u00e4\u00e4gina ning andsime talle uue v\u00e4\u00e4rtuse \ud83c\udf3f<\/p>\n<p>KOANI pluus on k\u00f5rge krae, pikad laiad varrukad ja dekoratiivsed klapiga taskud. Esiosal ja krael mugavad trukid.<\/p>\n<p>See toode on disainitud ja valmistatud Eestis \u2665<\/p>\n<p><strong>MUDEL<\/strong><\/p>\n<ul>\n<li>Sirge l\u00f5ige<\/li>\n<li>K\u00f5rge kaelus<\/li>\n<li>Pikad laiad varrukad<\/li>\n<li>Trukkidega esikinnis<\/li>\n<li>Dekoratiivsed klappidega taskud<\/li>\n<li>Pildil M-suurus<\/li>\n<\/ul>\n<p><strong>MATERJAL<\/strong><\/p>\n<ul>\n<li>100% puuvill (Upcycled)<\/li>\n<\/ul>\n<p><strong>NB! Toote valmistamisele v\u00f5ib kuluda kuni 10 p\u00e4eva.\u00a0<\/strong>L\u00e4htudes j\u00e4tkusuutlikuse p\u00f5him\u00f5ttest, ei tooda iLLIMOR lattu suur koguseid.<\/p>","protected":false},"featured_media":4834,"template":"","meta":{"_eb_attr":"","_monsterinsights_skip_tracking":false,"_monsterinsights_sitenote_active":false,"_monsterinsights_sitenote_note":"","_monsterinsights_sitenote_category":0,"site-sidebar-layout":"no-sidebar","site-content-layout":"default","ast-site-content-layout":"","site-content-style":"default","site-sidebar-style":"default","ast-global-header-display":"","ast-banner-title-visibility":"","ast-main-header-display":"","ast-hfb-above-header-display":"","ast-hfb-below-header-display":"","ast-hfb-mobile-header-display":"","site-post-title":"","ast-breadcrumbs-content":"","ast-featured-img":"","footer-sml-layout":"","theme-transparent-header-meta":"disabled","adv-header-id-meta":"","stick-header-meta":"","header-above-stick-meta":"","header-main-stick-meta":"","header-below-stick-meta":"","astra-migrate-meta-layouts":"default","ast-page-background-enabled":"default","ast-page-background-meta":{"desktop":{"background-color":"","background-image":"","background-repeat":"repeat","background-position":"center center","background-size":"auto","background-attachment":"scroll","background-type":"","background-media":"","overlay-type":"","overlay-color":"","overlay-opacity":"","overlay-gradient":""},"tablet":{"background-color":"","background-image":"","background-repeat":"repeat","background-position":"center center","background-size":"auto","background-attachment":"scroll","background-type":"","background-media":"","overlay-type":"","overlay-color":"","overlay-opacity":"","overlay-gradient":""},"mobile":{"background-color":"","background-image":"","background-repeat":"repeat","background-position":"center center","background-size":"auto","background-attachment":"scroll","background-type":"","background-media":"","overlay-type":"","overlay-color":"","overlay-opacity":"","overlay-gradient":""}},"ast-content-background-meta":{"desktop":{"background-color":"var(--ast-global-color-5)","background-image":"","background-repeat":"repeat","background-position":"center center","background-size":"auto","background-attachment":"scroll","background-type":"","background-media":"","overlay-type":"","overlay-color":"","overlay-opacity":"","overlay-gradient":""},"tablet":{"background-color":"var(--ast-global-color-5)","background-image":"","background-repeat":"repeat","background-position":"center center","background-size":"auto","background-attachment":"scroll","background-type":"","background-media":"","overlay-type":"","overlay-color":"","overlay-opacity":"","overlay-gradient":""},"mobile":{"background-color":"var(--ast-global-color-5)","background-image":"","background-repeat":"repeat","background-position":"center center","background-size":"auto","background-attachment":"scroll","background-type":"","background-media":"","overlay-type":"","overlay-color":"","overlay-opacity":"","overlay-gradient":""}}},"product_brand":[],"product_cat":[15,213,134,130],"product_tag":[47,162,157,48,53,159,44,112],"class_list":{"0":"post-4781","1":"product","2":"type-product","3":"status-publish","4":"has-post-thumbnail","6":"product_cat-products","7":"product_cat-highlights","8":"product_cat-womens-shirts","9":"product_cat-women","10":"product_tag-blouse","11":"product_tag-eff2021","12":"product_tag-new-collection","13":"product_tag-oversized","14":"product_tag-snap-fastener","15":"product_tag-ss21","16":"product_tag-upcycled","17":"product_tag-white","18":"pa_color-beige","19":"pa_color-white","20":"pa_size-small","21":"pa_size-medium","22":"pa_size-large","23":"desktop-align-left","24":"tablet-align-left","25":"mobile-align-left","27":"first","28":"instock","29":"taxable","30":"shipping-taxable","31":"purchasable","32":"product-type-variable","33":"has-default-attributes"},"aioseo_notices":[],"jetpack_sharing_enabled":true,"_links":{"self":[{"href":"https:\/\/www.illimor.com\/et\/wp-json\/wp\/v2\/product\/4781","targetHints":{"allow":["GET"]}}],"collection":[{"href":"https:\/\/www.illimor.com\/et\/wp-json\/wp\/v2\/product"}],"about":[{"href":"https:\/\/www.illimor.com\/et\/wp-json\/wp\/v2\/types\/product"}],"version-history":[{"count":3,"href":"https:\/\/www.illimor.com\/et\/wp-json\/wp\/v2\/product\/4781\/revisions"}],"predecessor-version":[{"id":31599,"href":"https:\/\/www.illimor.com\/et\/wp-json\/wp\/v2\/product\/4781\/revisions\/31599"}],"wp:featuredmedia":[{"embeddable":true,"href":"https:\/\/www.illimor.com\/et\/wp-json\/wp\/v2\/media\/4834"}],"wp:attachment":[{"href":"https:\/\/www.illimor.com\/et\/wp-json\/wp\/v2\/media?parent=4781"}],"wp:term":[{"taxonomy":"product_brand","embeddable":true,"href":"https:\/\/www.illimor.com\/et\/wp-json\/wp\/v2\/product_brand?post=4781"},{"taxonomy":"product_cat","embeddable":true,"href":"https:\/\/www.illimor.com\/et\/wp-json\/wp\/v2\/product_cat?post=4781"},{"taxonomy":"product_tag","embeddable":true,"href":"https:\/\/www.illimor.com\/et\/wp-json\/wp\/v2\/product_tag?post=4781"}],"curies":[{"name":"wp","href":"https:\/\/api.w.org\/{rel}","templated":true}]}}