{"id":617,"date":"2020-07-13T11:02:24","date_gmt":"2020-07-13T11:02:24","guid":{"rendered":"https:\/\/www.illimor.com\/?post_type=product&#038;p=617"},"modified":"2023-01-14T19:26:12","modified_gmt":"2023-01-14T19:26:12","slug":"malindi-sweatshirt-black-yellow","status":"publish","type":"product","link":"https:\/\/www.illimor.com\/et\/toode\/malindi-sweatshirt-black-yellow\/","title":{"rendered":"MALINDI sweatshirt"},"content":{"rendered":"","protected":false},"excerpt":{"rendered":"<p>MALINDI Tencel\u2122 dressipluus toob kohe kindlasti esile m\u00f5nusalt meeleoluka enesetunde. Ja m\u00f5nusalt suur kapuuts hoiab spontaanse vihmavalangu eest pea kuivas.<\/p>\n<p>Toode on valmistatud keskkonnas\u00f5bralikust TENCEL\u2122 kangast, mis on toodetud j\u00e4tkusuutlikult kasvatatud eukal\u00fcptipuu kiududest. Tencel\u2122 on nahas\u00f5bralik materjal, mis on pehme kui siid, vastupidav ja hingav.<\/p>\n<p>See toode on disainitud ja valmistatud Eestis \u2665<\/p>\n<p><strong>MUDEL<\/strong><\/p>\n<ul>\n<li>Sirge l\u00f5ige<\/li>\n<li>Kapuuts reguleeritavate paeltega<\/li>\n<li>Modell on 171 cm pikk ja kannab S-suurust<\/li>\n<\/ul>\n<p><strong>MATERJAL<\/strong><\/p>\n<ul>\n<li>67% Tencel\u2122 \/ 28% org. puuvill \/ 5% elastaan (OKEO-TEX, GOTS)<\/li>\n<li>Toodetud Eestis<\/li>\n<\/ul>\n<p><strong>NB! Toote valmistamisele v\u00f5ib kuluda kuni 7 p\u00e4eva.<\/strong>L\u00e4htudes j\u00e4tkusuutlikuse p\u00f5him\u00f5ttest, ei tooda iLLIMOR lattu suur koguseid.<\/p>","protected":false},"featured_media":2802,"template":"","meta":{"_eb_attr":"","_monsterinsights_skip_tracking":false,"_monsterinsights_sitenote_active":false,"_monsterinsights_sitenote_note":"","_monsterinsights_sitenote_category":0,"site-sidebar-layout":"no-sidebar","site-content-layout":"default","ast-site-content-layout":"","site-content-style":"default","site-sidebar-style":"default","ast-global-header-display":"","ast-banner-title-visibility":"","ast-main-header-display":"","ast-hfb-above-header-display":"","ast-hfb-below-header-display":"","ast-hfb-mobile-header-display":"","site-post-title":"disabled","ast-breadcrumbs-content":"","ast-featured-img":"disabled","footer-sml-layout":"","theme-transparent-header-meta":"disabled","adv-header-id-meta":"","stick-header-meta":"","header-above-stick-meta":"","header-main-stick-meta":"","header-below-stick-meta":"","astra-migrate-meta-layouts":"default","ast-page-background-enabled":"default","ast-page-background-meta":{"desktop":{"background-color":"","background-image":"","background-repeat":"repeat","background-position":"center center","background-size":"auto","background-attachment":"scroll","background-type":"","background-media":"","overlay-type":"","overlay-color":"","overlay-opacity":"","overlay-gradient":""},"tablet":{"background-color":"","background-image":"","background-repeat":"repeat","background-position":"center center","background-size":"auto","background-attachment":"scroll","background-type":"","background-media":"","overlay-type":"","overlay-color":"","overlay-opacity":"","overlay-gradient":""},"mobile":{"background-color":"","background-image":"","background-repeat":"repeat","background-position":"center center","background-size":"auto","background-attachment":"scroll","background-type":"","background-media":"","overlay-type":"","overlay-color":"","overlay-opacity":"","overlay-gradient":""}},"ast-content-background-meta":{"desktop":{"background-color":"var(--ast-global-color-5)","background-image":"","background-repeat":"repeat","background-position":"center center","background-size":"auto","background-attachment":"scroll","background-type":"","background-media":"","overlay-type":"","overlay-color":"","overlay-opacity":"","overlay-gradient":""},"tablet":{"background-color":"var(--ast-global-color-5)","background-image":"","background-repeat":"repeat","background-position":"center center","background-size":"auto","background-attachment":"scroll","background-type":"","background-media":"","overlay-type":"","overlay-color":"","overlay-opacity":"","overlay-gradient":""},"mobile":{"background-color":"var(--ast-global-color-5)","background-image":"","background-repeat":"repeat","background-position":"center center","background-size":"auto","background-attachment":"scroll","background-type":"","background-media":"","overlay-type":"","overlay-color":"","overlay-opacity":"","overlay-gradient":""}}},"product_brand":[],"product_cat":[15,135,106,130,137],"product_tag":[40,41,38,136],"class_list":{"0":"post-617","1":"product","2":"type-product","3":"status-publish","4":"has-post-thumbnail","6":"product_cat-products","7":"product_cat-womens-sweatshirt","8":"product_cat-sweatshirts","9":"product_cat-women","10":"product_cat-work-wear","11":"product_tag-hoodie","12":"product_tag-sweatshirt","13":"product_tag-tencel","14":"product_tag-work-wear","15":"pa_color-black-white","16":"pa_color-black-yellow","17":"desktop-align-left","18":"tablet-align-left","19":"mobile-align-left","21":"first","22":"instock","23":"taxable","24":"shipping-taxable","25":"purchasable","26":"product-type-variable","27":"has-default-attributes"},"aioseo_notices":[],"jetpack_sharing_enabled":true,"_links":{"self":[{"href":"https:\/\/www.illimor.com\/et\/wp-json\/wp\/v2\/product\/617","targetHints":{"allow":["GET"]}}],"collection":[{"href":"https:\/\/www.illimor.com\/et\/wp-json\/wp\/v2\/product"}],"about":[{"href":"https:\/\/www.illimor.com\/et\/wp-json\/wp\/v2\/types\/product"}],"version-history":[{"count":5,"href":"https:\/\/www.illimor.com\/et\/wp-json\/wp\/v2\/product\/617\/revisions"}],"predecessor-version":[{"id":31631,"href":"https:\/\/www.illimor.com\/et\/wp-json\/wp\/v2\/product\/617\/revisions\/31631"}],"wp:featuredmedia":[{"embeddable":true,"href":"https:\/\/www.illimor.com\/et\/wp-json\/wp\/v2\/media\/2802"}],"wp:attachment":[{"href":"https:\/\/www.illimor.com\/et\/wp-json\/wp\/v2\/media?parent=617"}],"wp:term":[{"taxonomy":"product_brand","embeddable":true,"href":"https:\/\/www.illimor.com\/et\/wp-json\/wp\/v2\/product_brand?post=617"},{"taxonomy":"product_cat","embeddable":true,"href":"https:\/\/www.illimor.com\/et\/wp-json\/wp\/v2\/product_cat?post=617"},{"taxonomy":"product_tag","embeddable":true,"href":"https:\/\/www.illimor.com\/et\/wp-json\/wp\/v2\/product_tag?post=617"}],"curies":[{"name":"wp","href":"https:\/\/api.w.org\/{rel}","templated":true}]}}